{"id":10,"date":"2018-04-05T07:50:09","date_gmt":"2018-04-05T07:50:09","guid":{"rendered":"http:\/\/wp3.commonsupport.com\/newwp\/nortech\/?page_id=10"},"modified":"2022-05-06T10:54:51","modified_gmt":"2022-05-06T13:54:51","slug":"home-mca","status":"publish","type":"page","link":"https:\/\/www.mca.srv.br\/site\/home-mca\/","title":{"rendered":"A MCA"},"content":{"rendered":"<p><section class=\"kc-elm kc-css-831214 kc_row\"><div class=\"kc-row-container\"><div class=\"kc-wrap-columns\"><div class=\"kc-elm kc-css-270367 kc_col-sm-12 kc_column kc_col-sm-12\"><div class=\"kc-col-container\">\r\n\t<!--Main Slider-->\r\n\t<section class=\"main-slider\">\r\n\t\t\n\t\t\t<!-- START Home Two REVOLUTION SLIDER 6.5.8 --><p class=\"rs-p-wp-fix\"><\/p>\n\t\t\t<rs-module-wrap id=\"rev_slider_4_1_wrapper\" data-source=\"gallery\" style=\"visibility:hidden;background:transparent;padding:0;margin:0px auto;margin-top:0;margin-bottom:0;\">\n\t\t\t\t<rs-module id=\"rev_slider_4_1\" style=\"\" data-version=\"6.5.8\">\n\t\t\t\t\t<rs-slides>\n\t\t\t\t\t\t<rs-slide style=\"position: absolute;\" data-key=\"rs-10\" data-title=\"Slide\" data-anim=\"ms:600;\" data-in=\"o:0;\" data-out=\"a:false;\" data-mediafilter=\"gingham\">\n\t\t\t\t\t\t\t<img fetchpriority=\"high\" decoding=\"async\" src=\"\/\/www.mca.srv.br\/site\/wp-content\/plugins\/revslider\/public\/assets\/assets\/dummy.png\" title=\"Vale Brucutu 1\" width=\"2560\" height=\"1920\" class=\"rev-slidebg tp-rs-img rs-lazyload\" data-lazyload=\"\/\/www.mca.srv.br\/novo4\/wp-content\/uploads\/2022\/01\/Vale-Brucutu-1-scaled.jpg\" data-no-retina>\n<!--\n\t\t\t\t\t\t\t--><rs-layer\n\t\t\t\t\t\t\t\tid=\"slider-4-slide-10-layer-1\" \n\t\t\t\t\t\t\t\tdata-type=\"text\"\n\t\t\t\t\t\t\t\tdata-rsp_ch=\"on\"\n\t\t\t\t\t\t\t\tdata-xy=\"xo:51px;yo:150px;\"\n\t\t\t\t\t\t\t\tdata-text=\"w:normal;s:55;l:60;fw:600;\"\n\t\t\t\t\t\t\t\tdata-frame_0=\"x:right;o:1;skX:-85px;\"\n\t\t\t\t\t\t\t\tdata-frame_999=\"o:0;st:w;sR:8700;\"\n\t\t\t\t\t\t\t\tstyle=\"z-index:5;font-family:'Poppins';\"\n\t\t\t\t\t\t\t><br>Promover solu\u00e7\u00f5es criativas unindo<br> engenharia, gest\u00e3o e pessoas. \n\t\t\t\t\t\t\t<\/rs-layer><!--\n\n\t\t\t\t\t\t\t--><rs-layer\n\t\t\t\t\t\t\t\tid=\"slider-4-slide-10-layer-2\" \n\t\t\t\t\t\t\t\tdata-type=\"text\"\n\t\t\t\t\t\t\t\tdata-rsp_ch=\"on\"\n\t\t\t\t\t\t\t\tdata-xy=\"xo:50px;yo:320px,320px,470px,470px;\"\n\t\t\t\t\t\t\t\tdata-text=\"w:nowrap,nowrap,normal,normal;l:30,30,22,22;a:inherit;\"\n\t\t\t\t\t\t\t\tdata-dim=\"w:auto,auto,601px,401px;\"\n\t\t\t\t\t\t\t\tdata-frame_0=\"x:left;o:1;skX:45px;\"\n\t\t\t\t\t\t\t\tdata-frame_999=\"o:0;st:w;sR:8700;\"\n\t\t\t\t\t\t\t\tstyle=\"z-index:6;font-family:'Open Sans';\"\n\t\t\t\t\t\t\t><div class=\"text\"><br>A MCA possui vasta experi\u00eancia na atua\u00e7\u00e3o em empreendimentos com a aplica\u00e7\u00e3o <bR> de metodologia pr\u00f3pria de gest\u00e3o para o controlepreciso de or\u00e7amentos, prazos e qualidade.<\/div> \n\t\t\t\t\t\t\t<\/rs-layer><!--\n-->\t\t\t\t\t\t<\/rs-slide>\n\t\t\t\t\t<\/rs-slides>\n\t\t\t\t<\/rs-module>\n\t\t\t\t<script type=\"text\/javascript\">\n\t\t\t\t\tsetREVStartSize({c: 'rev_slider_4_1',rl:[1240,1024,778,480],el:[650,768,960,720],gw:[1240,1024,778,480],gh:[650,768,960,720],type:'standard',justify:'',layout:'fullwidth',mh:\"0\"});if (window.RS_MODULES!==undefined && window.RS_MODULES.modules!==undefined && window.RS_MODULES.modules[\"revslider41\"]!==undefined) {window.RS_MODULES.modules[\"revslider41\"].once = false;window.revapi4 = undefined;if (window.RS_MODULES.checkMinimal!==undefined) window.RS_MODULES.checkMinimal()}\n\t\t\t\t<\/script>\n\t\t\t<\/rs-module-wrap>\n\t\t\t<!-- END REVOLUTION SLIDER -->\n\t<\/section>\r\n\t<!--End Main Slider-->\r\n\r\n<\/div><\/div><\/div><\/div><\/section><section class=\"kc-elm kc-css-887533 kc_row\"><div class=\"kc-row-container\"><div class=\"kc-wrap-columns\"><div class=\"kc-elm kc-css-547102 kc_col-sm-12 kc_column kc_col-sm-12\"><div class=\"kc-col-container\"><!--Company Section-->\r\n<section class=\"company-section\">\r\n    <div class=\"auto-container\">\r\n        <div class=\"row clearfix\">\r\n            <!--Content Column-->\r\n            <div class=\"content-column col-md-8 col-sm-12 col-xs-12\">\r\n                <div class=\"inner-column\">\r\n                    <div class=\"sec-title\">\r\n                        <h2>A MCA<\/h2>\r\n                    <\/div>\r\n                    <div class=\"bold-text\"><b>Nosso DNA<\/b><br><br>\r\n\r\n<b>Prop\u00f3sito Transformador Massivo: Promover solu\u00e7\u00f5es criativas unindo engenharia, gest\u00e3o e pessoas.<\/b><br><br>\r\n\r\n<b>Miss\u00e3o<\/b><br><BR>\r\n\r\nAtuar nas \u00e1reas de engenharia consultiva, gerenciamento de projetos e auditorias com integridade e \u00e9tica para impactar positivamente \r\npessoas e empresas.<Br><Br>\r\n<b>Vis\u00e3o<\/b><br><BR>\r\nSer reconhecida como empresa de servi\u00e7os de alto valor agregado que une tecnologia, inova\u00e7\u00e3o e sustentabilidade.<br><br>\r\n\r\n<b>Valores<\/b><br><br>\r\nCriatividade Somos originais, buscamos solu\u00e7\u00f5es diferenciadas e eficazes para os nossos clientes.<br><br>\r\nInova\u00e7\u00e3o: Buscamos novos caminhos, novas estrat\u00e9gias, n\u00e3o nos prendemos aos h\u00e1bitos.\r\n<br><br>\r\nIntegridade: Os nossos pensamentos, as nossas palavras e as nossas a\u00e7\u00f5es est\u00e3o alinhadas.\r\n<br><br>\r\n\u00c9tica: Agimos com r\u00edgidos valores morais nas nossas atitudes.\r\n<br><br>\r\nExcel\u00eancia t\u00e9cnica: Estamos em aperfei\u00e7oamento cont\u00ednuo de metodologias e de processos.\r\n<br><br>\r\nValoriza\u00e7\u00e3o de pessoas: Mantemos um ambiente de troca m\u00fatua para que as pessoas se sintam reconhecidas e possam se autorrealizar.\r\n<br><br>\r\nSustentabilidade: Nossas estrat\u00e9gias, ideias e atitudes primam pelo socialmente justo, economicamente vi\u00e1vel e ecologicamente correto.\r\n<br><br>\r\nTranspar\u00eancia: A nossa atua\u00e7\u00e3o, as t\u00e9cnicas e as metodologias aplicadas s\u00e3o acess\u00edveis aos interessados.\r\n<br><br>Independ\u00eancia: Orientamos o nosso trabalho na verdade e n\u00e3o em conflito de interesses.\r\n<br><br>Resili\u00eancia: Lidamos com as crises de forma eficiente, sabemos superar as adversidades e nos fortalecer. <\/div>\r\n                    <div class=\"text\"><BR><BR><BR><BR><b>C\u00f3digo de \u00c9tica e Conduta da MCA<\/b><br><br>\r\n\u00c9 motivo de orgulho para n\u00f3s mostrar a nossa forma de ser e de agir. O desenvolvimento di\u00e1rio dos nossos neg\u00f3cios est\u00e1 firmado nos mais elevados valores e princ\u00edpios, dentre eles a transpar\u00eancia. O nosso C\u00f3digo de \u00c9tica e Conduta incorpora o alinhamento estrat\u00e9gico, as normas que regulam as atividades da MCA e as melhores pr\u00e1ticas de gest\u00e3o.\r\n<br><br>\r\nContamos com um Canal de Comunica\u00e7\u00e3o aliado ao nosso Programa de Compliance, para reporte de condutas ilegais ou anti\u00e9ticas - dispon\u00edvel para colaboradores, clientes e todas as demais partes interessadas.\r\n<br><br>\r\n<a href='https:\/\/www.mca.srv.br\/site\/files\/codigo_etica_mca.pdf'>Acesse o C\u00f3digo de \u00c9tica, Conduta e Integridade<\/a>\r\n<br><BR><\/div>\r\n                    <div class=\"signature\"><img decoding=\"async\" src=\"https:\/\/www.mca.srv.br\/site\/wp-content\/uploads\/2022\/05\/assinatura.jpg\" alt=\"Signature\" \/><\/div>\r\n                <\/div>\r\n            <\/div>\r\n            <!--Image Column-->\r\n            <div class=\"image-column col-md-4 col-sm-12 col-xs-12\">\r\n                <div class=\"inner-column\">\r\n                    <div class=\"image\">\r\n                        <img decoding=\"async\" src=\"https:\/\/www.mca.srv.br\/novo4\/wp-content\/uploads\/2022\/01\/capa-300x200.jpg\" alt=\"image\" \/>\r\n                    <\/div>\r\n                <\/div>\r\n            <\/div>\r\n        <\/div>\r\n    <\/div>\r\n<\/section>\r\n<!--End Company Section--><\/div><\/div><\/div><\/div><\/section><section class=\"kc-elm kc-css-514089 kc_row\"><div class=\"kc-row-container\"><div class=\"kc-wrap-columns\"><div class=\"kc-elm kc-css-873124 kc_col-sm-12 kc_column kc_col-sm-12\"><div class=\"kc-col-container\">\r\n<!--Services Section-->\r\n<section class=\"services-section\">\r\n    <div class=\"auto-container\">\r\n        <div class=\"sec-title\">\r\n            <h2>Nossos Servi\u00e7os<\/h2>\r\n            <div class=\"title\">A MCA \u00e9 certificada conforme os requisitos da norma ISO 9001 de Gest\u00e3o da Qualidade nas \u00e1reas de Exporta\u00e7\u00e3o de Bens e Servi\u00e7os e em Gerenciamento de Obras desde 2009.<\/div>\r\n        <\/div>\r\n\r\n        <div class=\"four-item-carousel owl-carousel owl-theme\">\r\n            \r\n                        \r\n                <!--Services Block-->\r\n                <div class=\"services-block-three\">\r\n                    <div class=\"inner-box\">\r\n                        <div class=\"image\">\r\n                            <a href=\"https:\/\/www.mca.srv.br\/site\/services\/gerenciamento\/\">\r\n                                <img decoding=\"async\" width=\"270\" height=\"219\" src=\"https:\/\/www.mca.srv.br\/site\/wp-content\/uploads\/2018\/04\/Aerial-Vale-8-270x219.jpg\" class=\"img-responsive wp-post-image\" alt=\"\" \/>                            <\/a>\r\n                        <\/div>\r\n                        <div class=\"lower-content\">\r\n                            <h3><a href=\"https:\/\/www.mca.srv.br\/site\/services\/gerenciamento\/\">Gerenciamento<\/a><\/h3>\r\n                            <div class=\"text\">O Gerenciamento de Projetos e Obras \u00e9 uma compet\u00eancia estrat\u00e9gica para organiza\u00e7\u00f5es que requer a aplica\u00e7\u00e3o de conhecimentos, habilidades e t\u00e9cnicas para a execu\u00e7\u00e3o de projetos de forma efetiva e eficaz.<\/div>\r\n                        <\/div>\r\n                    <\/div>\r\n                <\/div>\r\n\r\n                        \r\n                <!--Services Block-->\r\n                <div class=\"services-block-three\">\r\n                    <div class=\"inner-box\">\r\n                        <div class=\"image\">\r\n                            <a href=\"https:\/\/www.mca.srv.br\/site\/services\/auditoria-2\/\">\r\n                                <img decoding=\"async\" width=\"270\" height=\"219\" src=\"https:\/\/www.mca.srv.br\/site\/wp-content\/uploads\/2018\/04\/Usina-Hidreletrica-de-Funil_copia-270x219.jpg\" class=\"img-responsive wp-post-image\" alt=\"\" \/>                            <\/a>\r\n                        <\/div>\r\n                        <div class=\"lower-content\">\r\n                            <h3><a href=\"https:\/\/www.mca.srv.br\/site\/services\/auditoria-2\/\">Auditoria<\/a><\/h3>\r\n                            <div class=\"text\">A Auditoria \u00e9 um servi\u00e7o de alto valor agregado, que visa a antecipa\u00e7\u00e3o, o controle e a gest\u00e3o dos riscos inerentes \u00e0 realiza\u00e7\u00e3o de investimentos em obras - como pagamentos indevidos, comprometimento de prazos, qualidade e custos.<\/div>\r\n                        <\/div>\r\n                    <\/div>\r\n                <\/div>\r\n\r\n                        \r\n                <!--Services Block-->\r\n                <div class=\"services-block-three\">\r\n                    <div class=\"inner-box\">\r\n                        <div class=\"image\">\r\n                            <a href=\"https:\/\/www.mca.srv.br\/site\/services\/consultoria\/\">\r\n                                <img loading=\"lazy\" decoding=\"async\" width=\"270\" height=\"219\" src=\"https:\/\/www.mca.srv.br\/site\/wp-content\/uploads\/2018\/04\/be1-270x219.jpg\" class=\"img-responsive wp-post-image\" alt=\"\" \/>                            <\/a>\r\n                        <\/div>\r\n                        <div class=\"lower-content\">\r\n                            <h3><a href=\"https:\/\/www.mca.srv.br\/site\/services\/consultoria\/\">Consultoria<\/a><\/h3>\r\n                            <div class=\"text\">Os servi\u00e7os especializados de Consultoria da MCA contam com a experi\u00eancia \u00edmpar de profissionais multidisciplinares, o que assegura a an\u00e1lise precisa de todos os aspectos que envolvem o investimento.<\/div>\r\n                        <\/div>\r\n                    <\/div>\r\n                <\/div>\r\n\r\n                        \r\n        <\/div>\r\n\r\n    <\/div>\r\n<\/section>\r\n<!--End Services Section-->\r\n\r\n<\/div><\/div><\/div><\/div><\/section><section class=\"kc-elm kc-css-545545 kc_row\"><div class=\"kc-row-container\"><div class=\"kc-wrap-columns\"><div class=\"kc-elm kc-css-535545 kc_col-sm-12 kc_column kc_col-sm-12\"><div class=\"kc-col-container\"><!--Fluid Section One-->\r\n<section class=\"fluid-section-one \">\r\n    <div class=\"outer-container clearfix\">\r\n        <!--Image Column-->\r\n        <div class=\"image-column\" style=\"background-image:url(https:\/\/www.mca.srv.br\/novo4\/wp-content\/uploads\/2022\/01\/Man-Ferrostaal-683x1024.jpg);\">\r\n            <figure class=\"image-box\"><img decoding=\"async\" src=\"https:\/\/www.mca.srv.br\/novo4\/wp-content\/uploads\/2022\/01\/Man-Ferrostaal-683x1024.jpg\" alt=\"image\"><\/figure>\r\n        <\/div>\r\n        <!--Content Column-->\r\n        <div class=\"content-column\">\r\n            <div class=\"inner-column\">\r\n                <div class=\"sec-title \">\r\n                    <h2>Promover solu\u00e7\u00f5es criativas unindo engenharia, gest\u00e3o e pessoas.<\/h2>\r\n                <\/div>\r\n                <div class=\"text\">\r\n                    A MCA ocupa uma posi\u00e7\u00e3o de destaque como empresa de Consultoria em Gest\u00e3o, Gerenciamento de Projetos e Obras e em Auditoria de Investimentos. Atuamos no mercado desde 2002 com o nosso prop\u00f3sito de promover solu\u00e7\u00f5es criativas que unem engenharia, gest\u00e3o e pessoas.<br><Br>\r\nEntendemos a import\u00e2ncia da boa governan\u00e7a para guiar a estrat\u00e9gia dos nossos neg\u00f3cios com as melhores pr\u00e1ticas em um ambiente colaborativo e de crescimento no qual transpar\u00eancia e integridade s\u00e3o altamente respeitadas.<br><Br>\r\nA condu\u00e7\u00e3o dos neg\u00f3cios da MCA est\u00e1 firmada em bases s\u00f3lidas e no compromisso \u00e9tico baseado nos pilares da sustentabilidade \u2013 social, ambiental e econ\u00f4mico. A converg\u00eancia entre o que acreditamos, falamos e fazemos \u00e9 o norte das nossas rela\u00e7\u00f5es com clientes, colaboradores e sociedade.<br><Br>\r\nAgregar valor aos nossos produtos e servi\u00e7os com o uso da tecnologia e investir na multiplica\u00e7\u00e3o do conhecimento s\u00e3o exemplos de objetivos estrat\u00e9gicos que fazem parte do dia a dia da MCA.<br><Br>\r\nBuscamos o impacto positivo das nossas opera\u00e7\u00f5es com entregas comprometidas com resultados para os clientes, a manuten\u00e7\u00e3o de um local de desenvolvimento do talento para os colaboradores e responsabilidade social corporativa.\r\n                <\/div>\r\n                                    <ul class=\"icons-list\">\r\n                                                    <li><span class=\"icon flaticon-target\"><\/span>Time <br> Focado<\/li>\r\n                                                    <li><span class=\"icon flaticon-group\"><\/span>Profissionais<br>Qualificados<\/li>\r\n                                                    <li><span class=\"icon flaticon-diamond\"><\/span>Qualidade <br> Certificada<\/li>\r\n                                            <\/ul>\r\n                            <\/div>\r\n        <\/div>\r\n    <\/div>\r\n<\/section>\r\n<!--End Fluid Section One--><\/div><\/div><\/div><\/div><\/section><section class=\"kc-elm kc-css-123534 kc_row\"><div class=\"kc-row-container\"><div class=\"kc-wrap-columns\"><div class=\"kc-elm kc-css-322843 kc_col-sm-12 kc_column kc_col-sm-12\"><div class=\"kc-col-container\"><\/div><\/div><\/div><\/div><\/section><section class=\"kc-elm kc-css-978597 kc_row\"><div class=\"kc-row-container\"><div class=\"kc-wrap-columns\"><div class=\"kc-elm kc-css-204409 kc_col-sm-12 kc_column kc_col-sm-12\"><div class=\"kc-col-container\"><!--Ceo Section-->\r\n<section class=\"ceo-section\">\r\n    <div class=\"auto-container\">\r\n        <div class=\"row clearfix\">\r\n\r\n            <!--Image Column-->\r\n            <div class=\"image-column col-md-5 col-sm-12 col-xs-12\">\r\n                <div class=\"image\">\r\n                    <img decoding=\"async\" src=\"https:\/\/www.mca.srv.br\/site\/wp-content\/uploads\/2022\/05\/branco.bmp\" alt=\"image\" \/>\r\n                <\/div>\r\n            <\/div>\r\n\r\n            <!--Content Column-->\r\n            <div class=\"content-column col-md-7 col-sm-12 col-xs-12\">\r\n                <div class=\"inner-column\">\r\n                    <h2>Mensagem do CEO - Marcello Barbieri<\/h2>\r\n                    <div class=\"bold-text\">A MCA atua no mercado desde 2002 e tem como miss\u00e3o atuar nas \u00e1reas de engenharia consultiva, gerenciamento de projetos e auditorias, com integridade e \u00e9tica, para impactar positivamente pessoas e empresas.\r\n\r\n <\/div>\r\n                    <div class=\"text\"><P>Buscamos permanentemente a excel\u00eancia na condu\u00e7\u00e3o dos neg\u00f3cios com valores bem definidos, para cumprirmos o nosso prop\u00f3sito maior de promover solu\u00e7\u00f5es criativas unindo engenharia, gest\u00e3o e pessoas, mantendo um ambiente saud\u00e1vel de coopera\u00e7\u00e3o entre clientes, colaboradores e sociedade.<\/p><br><p>\r\nAgimos com padr\u00f5es claros de conduta estabelecidos nos tr\u00eas pilares da sustentabilidade \u2013 o social, o ambiental e o econ\u00f4mico, para nortear o relacionamento profissional de todos os envolvidos nos nossos neg\u00f3cios, na governan\u00e7a corporativa e em toda a estrutura operacional da MCA.  Primamos pela transpar\u00eancia em nossa atua\u00e7\u00e3o, assim, todas as diretrizes est\u00e3o documentadas no nosso Programa de Compliance e est\u00e3o acess\u00edveis a todas as pessoas interessadas.<\/p><br><p>\r\nAcreditamos na inova\u00e7\u00e3o e na import\u00e2ncia de termos respostas r\u00e1pidas \u00e0s mudan\u00e7as, para isso estamos em constante identifica\u00e7\u00e3o de melhorias nos processos para gera\u00e7\u00e3o de valor, tanto para os nossos clientes, como tamb\u00e9m para os nossos colaboradores. <\/p><br><p>\r\nSeja muito bem-vindo (a) ao nosso site institucional, aqui compartilhamos um pouco da nossa trajet\u00f3ria da qual temos muito orgulho!\r\n<\/p><br><br>\r\nMarcello Barbieri <\/div>\r\n                    <div class=\"signature\">\r\n                        <img decoding=\"async\" src=\"https:\/\/www.mca.srv.br\/site\/wp-content\/uploads\/2022\/05\/branco.bmp\" alt=\"image\" \/>\r\n                    <\/div>\r\n                <\/div>\r\n            <\/div>\r\n\r\n        <\/div>\r\n    <\/div>\r\n<\/section>\r\n<!--End Ceo Section--><\/div><\/div><\/div><\/div><\/section><section class=\"kc-elm kc-css-844302 kc_row\"><div class=\"kc-row-container\"><div class=\"kc-wrap-columns\"><div class=\"kc-elm kc-css-833324 kc_col-sm-12 kc_column kc_col-sm-12\"><div class=\"kc-col-container\">\r\n<!--News Section-->\r\n<section class=\"news-section alternate\">\r\n    <div class=\"auto-container\">\r\n\r\n        <div class=\"sec-title\">\r\n            <h2>Latest From Blogs<\/h2>\r\n            <div class=\"title\">News &amp; Press Release<\/div>\r\n        <\/div>\r\n\r\n        <div class=\"row clearfix\">\r\n\r\n                                <\/div>\r\n\r\n    <\/div>\r\n<\/section>\r\n<!--End News Section-->\r\n\r\n<\/div><\/div><\/div><\/div><\/section><section class=\"kc-elm kc-css-469931 kc_row\"><div class=\"kc-row-container\"><div class=\"kc-wrap-columns\"><div class=\"kc-elm kc-css-456107 kc_col-sm-12 kc_column kc_col-sm-12\"><div class=\"kc-col-container\"><!--Clients Section-->\r\n<section class=\"clients-section alternate\">\r\n    <div class=\"auto-container\">\r\n        \r\n                \r\n            <div class=\"sponsors-outer\">\r\n                <!--Sponsors Carousel-->\r\n                <ul class=\"sponsors-carousel owl-carousel owl-theme\">\r\n\r\n                                        \r\n                        <li class=\"slide-item\">\r\n                            <figure class=\"image-box\">\r\n                                <a href=\"#\">\r\n                                    <img decoding=\"async\" src=\"https:\/\/www.mca.srv.br\/site\/wp-content\/uploads\/2018\/04\/7.png\" alt=\"Partner\">\r\n                                <\/a>\r\n                            <\/figure>\r\n                        <\/li>\r\n\r\n                                        \r\n                        <li class=\"slide-item\">\r\n                            <figure class=\"image-box\">\r\n                                <a href=\"#\">\r\n                                    <img decoding=\"async\" src=\"https:\/\/www.mca.srv.br\/site\/wp-content\/uploads\/2018\/04\/8.png\" alt=\"Partner\">\r\n                                <\/a>\r\n                            <\/figure>\r\n                        <\/li>\r\n\r\n                                        \r\n                        <li class=\"slide-item\">\r\n                            <figure class=\"image-box\">\r\n                                <a href=\"#\">\r\n                                    <img decoding=\"async\" src=\"https:\/\/www.mca.srv.br\/site\/wp-content\/uploads\/2018\/04\/9.png\" alt=\"Partner\">\r\n                                <\/a>\r\n                            <\/figure>\r\n                        <\/li>\r\n\r\n                                        \r\n                        <li class=\"slide-item\">\r\n                            <figure class=\"image-box\">\r\n                                <a href=\"#\">\r\n                                    <img decoding=\"async\" src=\"https:\/\/www.mca.srv.br\/site\/wp-content\/uploads\/2018\/04\/10.png\" alt=\"Partner\">\r\n                                <\/a>\r\n                            <\/figure>\r\n                        <\/li>\r\n\r\n                                        \r\n                        <li class=\"slide-item\">\r\n                            <figure class=\"image-box\">\r\n                                <a href=\"#\">\r\n                                    <img decoding=\"async\" src=\"https:\/\/www.mca.srv.br\/site\/wp-content\/uploads\/2018\/04\/11.png\" alt=\"Partner\">\r\n                                <\/a>\r\n                            <\/figure>\r\n                        <\/li>\r\n\r\n                                        \r\n                        <li class=\"slide-item\">\r\n                            <figure class=\"image-box\">\r\n                                <a href=\"#\">\r\n                                    <img decoding=\"async\" src=\"https:\/\/www.mca.srv.br\/site\/wp-content\/uploads\/2018\/04\/12.png\" alt=\"Partner\">\r\n                                <\/a>\r\n                            <\/figure>\r\n                        <\/li>\r\n\r\n                                        \r\n                        <li class=\"slide-item\">\r\n                            <figure class=\"image-box\">\r\n                                <a href=\"#\">\r\n                                    <img decoding=\"async\" src=\"https:\/\/www.mca.srv.br\/site\/wp-content\/uploads\/2018\/04\/7.png\" alt=\"Partner\">\r\n                                <\/a>\r\n                            <\/figure>\r\n                        <\/li>\r\n\r\n                                        \r\n                        <li class=\"slide-item\">\r\n                            <figure class=\"image-box\">\r\n                                <a href=\"#\">\r\n                                    <img decoding=\"async\" src=\"https:\/\/www.mca.srv.br\/site\/wp-content\/uploads\/2018\/04\/8.png\" alt=\"Partner\">\r\n                                <\/a>\r\n                            <\/figure>\r\n                        <\/li>\r\n\r\n                                        \r\n                        <li class=\"slide-item\">\r\n                            <figure class=\"image-box\">\r\n                                <a href=\"#\">\r\n                                    <img decoding=\"async\" src=\"https:\/\/www.mca.srv.br\/site\/wp-content\/uploads\/2018\/04\/9.png\" alt=\"Partner\">\r\n                                <\/a>\r\n                            <\/figure>\r\n                        <\/li>\r\n\r\n                                        \r\n                        <li class=\"slide-item\">\r\n                            <figure class=\"image-box\">\r\n                                <a href=\"#\">\r\n                                    <img decoding=\"async\" src=\"https:\/\/www.mca.srv.br\/site\/wp-content\/uploads\/2018\/04\/10.png\" alt=\"Partner\">\r\n                                <\/a>\r\n                            <\/figure>\r\n                        <\/li>\r\n\r\n                    \r\n                <\/ul>\r\n            <\/div>\r\n        \r\n                \r\n    <\/div>\r\n<\/section>\r\n<!--End Clients Section--><\/div><\/div><\/div><\/div><\/section><section class=\"kc-elm kc-css-636531 kc_row\"><div class=\"kc-row-container\"><div class=\"kc-wrap-columns\"><div class=\"kc-elm kc-css-65827 kc_col-sm-12 kc_column kc_col-sm-12\"><div class=\"kc-col-container\">\n<!--Call Back Section-->\n<section class=\"call-back-section\" style=\"background-image:url(http:\/\/wp3.commonsupport.com\/newwp\/nortech\/wp-content\/uploads\/2018\/04\/2-2.jpg)\">\n    <div class=\"auto-container\">\n\n        <!--Sec Title-->\n        <div class=\"sec-title\">\n            <h2>Request a Call Back<\/h2>\n        <\/div>\n\n        <!-- Call Back Form -->\n        <div class=\"call-back-form\">\n            <!--Call Back Form-->\n            \n            \n                <p class=\"wpcf7-contact-form-not-found\"><strong>Erro:<\/strong> Formul\u00e1rio de contato n\u00e3o encontrado.<\/p>\n                        \n        <\/div>\n\n    <\/div>\n<\/section>\n<!--End Call Back Section--><\/div><\/div><\/div><\/div><\/section><\/p>\n","protected":false},"excerpt":{"rendered":"","protected":false},"author":3,"featured_media":0,"parent":0,"menu_order":0,"comment_status":"closed","ping_status":"closed","template":"tpl-king_composer.php","meta":{"_eb_attr":"","_crdt_document":"","_monsterinsights_skip_tracking":false,"_monsterinsights_sitenote_active":false,"_monsterinsights_sitenote_note":"","_monsterinsights_sitenote_category":0,"footnotes":""},"class_list":["post-10","page","type-page","status-publish","hentry"],"aioseo_notices":[],"post_mailing_queue_ids":[],"_links":{"self":[{"href":"https:\/\/www.mca.srv.br\/site\/wp-json\/wp\/v2\/pages\/10","targetHints":{"allow":["GET"]}}],"collection":[{"href":"https:\/\/www.mca.srv.br\/site\/wp-json\/wp\/v2\/pages"}],"about":[{"href":"https:\/\/www.mca.srv.br\/site\/wp-json\/wp\/v2\/types\/page"}],"author":[{"embeddable":true,"href":"https:\/\/www.mca.srv.br\/site\/wp-json\/wp\/v2\/users\/3"}],"replies":[{"embeddable":true,"href":"https:\/\/www.mca.srv.br\/site\/wp-json\/wp\/v2\/comments?post=10"}],"version-history":[{"count":32,"href":"https:\/\/www.mca.srv.br\/site\/wp-json\/wp\/v2\/pages\/10\/revisions"}],"predecessor-version":[{"id":1227,"href":"https:\/\/www.mca.srv.br\/site\/wp-json\/wp\/v2\/pages\/10\/revisions\/1227"}],"wp:attachment":[{"href":"https:\/\/www.mca.srv.br\/site\/wp-json\/wp\/v2\/media?parent=10"}],"curies":[{"name":"wp","href":"https:\/\/api.w.org\/{rel}","templated":true}]}}