{"id":1498,"date":"2025-03-14T07:52:56","date_gmt":"2025-03-14T10:52:56","guid":{"rendered":"https:\/\/www.mca.srv.br\/site\/sistemas-de-gestao-2\/"},"modified":"2025-03-14T11:19:09","modified_gmt":"2025-03-14T14:19:09","slug":"sistemas-de-gestao-mca","status":"publish","type":"page","link":"https:\/\/www.mca.srv.br\/site\/sistemas-de-gestao-mca\/","title":{"rendered":"Sistemas de Gest\u00e3o MCA"},"content":{"rendered":"\t\t<div data-elementor-type=\"wp-page\" data-elementor-id=\"1498\" class=\"elementor elementor-1498\">\n\t\t\t\t<div class=\"elementor-element elementor-element-78792ef4 e-flex e-con-boxed e-con e-parent\" data-id=\"78792ef4\" data-element_type=\"container\">\n\t\t\t\t\t<div class=\"e-con-inner\">\n\t\t\t\t<div class=\"elementor-element elementor-element-1137eed4 elementor-widget elementor-widget-text-editor\" data-id=\"1137eed4\" data-element_type=\"widget\" data-widget_type=\"text-editor.default\">\n\t\t\t\t\t\t\t\t\t&nbsp;\n\n<style type=\"text\/css\">@media only screen and (min-width: 1000px) and (max-width: 5000px){html body .kc-css-420308{width: 100%;}html body .kc-css-494030{width: 50%;}html body .kc-css-497926{width: 50%;}}<\/style>\n\n<section class=\"kc-elm kc-css-743748 kc_row\">\n<div class=\"kc-row-container kc-container\">\n<div class=\"kc-wrap-columns\">\n<div class=\"kc-elm kc-css-420308 kc_col-sm-12 kc_column kc_col-sm-12\">\n<div class=\"kc-col-container\">\n\n<!--History Section-->\n\n<section class=\"history-section\">\n<div class=\"auto-container\">\n<div class=\"row clearfix\">\n<div class=\"title-column col-md-4 col-sm-12 col-xs-12\">\n<div class=\"inner-column\">\n<h2>Sistemas de Gest\u00e3o<\/h2>\n<\/div>\n<\/div>\n<div class=\"content-column col-md-8 col-sm-12 col-xs-12\">\n<div class=\"inner-column\">\n<div class=\"bold-text\"><\/div>\n<div class=\"text\">\n\n<strong><span style=\"font-size: 24px;\">Nossas Certifica\u00e7\u00f5es e Pol\u00edtica do SGI<\/span><\/strong><Br><br>\n\nA MCA mant\u00e9m implementado um Sistema de Gest\u00e3o Integrada (SGI) com certifica\u00e7\u00f5es em conformidade com normas internacionais reconhecidas, garantindo qualidade, seguran\u00e7a e sa\u00fade ocupacional e gest\u00e3o ambiental em seus processos e opera\u00e7\u00f5es.<Br><br>\n\n<b>As certifica\u00e7\u00f5es incluem:<\/b><Br><br>\n\n<b>ABNT NBR ISO 9001:2015<\/b> \u2013 Sistema de Gest\u00e3o da Qualidade,\npara atividade de gerenciamento de obras e auditoria de exporta\u00e7\u00e3o de bens e servi\u00e7os.<Br><br>\n\n<b>ISO 45001:2018<\/b> \u2013 Sistema de Gest\u00e3o da Seguran\u00e7a e Sa\u00fade Ocupacional, para atividades de Seguran\u00e7a e Sa\u00fade Ocupacional, atividades administrativas de apoio aos servi\u00e7os executados na sede da empresa, e atividades de gerenciamento e fiscaliza\u00e7\u00e3o de SSMA.<Br><br>\n\n<b>ABNT NBR ISO 14001:2015<\/b> \u2013 Sistema de Gest\u00e3o Ambiental,\npara as atividades administrativas de apoio aos servi\u00e7os de engenharia consultiva, auditoria e gerenciamento de projetos.\n\n<\/div>\n<\/div>\n<\/div>\n<\/div>\n<div class=\"row clearfix\"><\/div>\n<\/div>\n<\/section><\/div>\n<\/div>\n<\/div>\n<\/div>\n<\/section><section class=\"kc-elm kc-css-168963 kc_row\">\n<div class=\"kc-row-container kc-container\">\n<div class=\"kc-wrap-columns\">\n<div class=\"kc-elm kc-css-494030 kc_col-sm-6 kc_column kc_col-sm-6\">\n<div class=\"kc-col-container\">\n<div class=\"kc-elm kc-css-901155 kc-feature-boxes kc-fb-layout-1\">\n<div class=\"content-title\"><span style=\"font-family: var( --e-global-typography-text-font-family ), Sans-serif;\">Certificado ISO 9001:2015 MCA<\/span><\/div>\n<div class=\"content-desc\">Sistema de Gest\u00e3o da Qualidade <\/div>\n<div class=\"content-button\"><a title=\"Certificado MCA ISO 9001\" href=\"http:\/\/www.mca.srv.br\/files\/ISO_9001_MCA_2021.pdf\" target=\"_blank\" rel=\"noopener\">Visualizar Certificado ISO 9001 MCA<\/a><\/div>\n<\/div>\n<\/div>\n<\/div>\n<div class=\"kc-elm kc-css-497926 kc_col-sm-6 kc_column kc_col-sm-6\">\n<div class=\"kc-col-container\">\n<div class=\"kc-elm kc-css-4043379 kc-feature-boxes kc-fb-layout-1\">\n<div class=\"content-title\">CERTIFICADO ISO 45001:2018 MCA<\/div>\n<div class=\"content-desc\">Sistema de Gest\u00e3o da Seguran\u00e7a e Sa\u00fade Ocupacional<\/div>\n<div class=\"content-button\"><a title=\"Certificado MCA ISO 9001\" href=\"http:\/\/www.mca.srv.br\/files\/cert_45001ass2024.pdf\" target=\"_blank\" rel=\"noopener\">Visualizar Certificado ISO 45001 MCA<\/a><\/div>\n<\/div>\n<\/div>\n<\/div>\n<\/div>\n<\/div>\n<\/section><section class=\"kc-elm kc-css-775498 kc_row\">\n<div class=\"kc-row-container kc-container\">\n<div class=\"kc-wrap-columns\">\n<div class=\"kc-elm kc-css-360975 kc_col-sm-12 kc_column kc_col-sm-12\">\n<div class=\"kc-col-container\">\n<div class=\"kc-elm kc-css-232869\" style=\"height: 100px; clear: both; width: 100%;\"><\/div>\n<\/div>\n<\/div>\n<\/div>\n<\/div>\n<\/section>\n\n\n\n<\/section><section class=\"kc-elm kc-css-168963 kc_row\">\n<div class=\"kc-row-container kc-container\">\n<div class=\"kc-wrap-columns\">\n<div class=\"kc-elm kc-css-494030 kc_col-sm-6 kc_column kc_col-sm-6\">\n<div class=\"kc-col-container\">\n<div class=\"kc-elm kc-css-901155 kc-feature-boxes kc-fb-layout-1\">\n<div class=\"content-title\"><span style=\"font-family: var( --e-global-typography-text-font-family ), Sans-serif;\">Certificado ISO 14001:2015 MCA<\/span><\/div>\n<div class=\"content-desc\">Sistema de Gest\u00e3o Ambiental<\/div>\n<div class=\"content-button\"><a title=\"Certificado MCA ISO 14001\" href=\"http:\/\/www.mca.srv.br\/files\/cert_14001ass2024.pdf\" target=\"_blank\" rel=\"noopener\">Visualizar Certificado ISO 14001 MCA<\/a><\/div>\n<\/div>\n<\/div>\n<\/div>\n<div class=\"kc-elm kc-css-497926 kc_col-sm-6 kc_column kc_col-sm-6\">\n<div class=\"kc-col-container\">\n<div class=\"kc-elm kc-css-4043379 kc-feature-boxes kc-fb-layout-1\">\n<div class=\"content-title\">Pol\u00edtica do Sistema de Gest\u00e3o Integrado MCA<\/div>\n<div class=\"content-desc\">Pol\u00edtica do Sistema de Gest\u00e3o Integrado MCA REV. 02<\/div>\n<div class=\"content-button\"><a title=\"Certificado MCA ISO 9001\" href=\"http:\/\/www.mca.srv.br\/files\/Politica_Rev.02.pdf\" target=\"_blank\" rel=\"noopener\">Visualizar Pol\u00edtica do Sistema de Gest\u00e3o Integrado<\/a><\/div>\n<\/div>\n<\/div>\n<\/div>\n<\/div>\n<\/div>\n<\/section><section class=\"kc-elm kc-css-775498 kc_row\">\n<div class=\"kc-row-container kc-container\">\n<div class=\"kc-wrap-columns\">\n<div class=\"kc-elm kc-css-360975 kc_col-sm-12 kc_column kc_col-sm-12\">\n<div class=\"kc-col-container\">\n<div class=\"kc-elm kc-css-232869\" style=\"height: 100px; clear: both; width: 100%;\"><\/div>\n<\/div>\n<\/div>\n<\/div>\n<\/div>\n<\/section>\t\t\t\t\t\t\t\t<\/div>\n\t\t\t\t\t<\/div>\n\t\t\t\t<\/div>\n\t\t\t\t<\/div>\n\t\t","protected":false},"excerpt":{"rendered":"","protected":false},"author":3,"featured_media":0,"parent":0,"menu_order":0,"comment_status":"closed","ping_status":"closed","template":"tpl-king_composer.php","meta":{"pgc_meta":"","_eb_attr":"","_crdt_document":"","_monsterinsights_skip_tracking":false,"_monsterinsights_sitenote_active":false,"_monsterinsights_sitenote_note":"","_monsterinsights_sitenote_category":0,"footnotes":""},"class_list":["post-1498","page","type-page","status-publish","hentry"],"aioseo_notices":[],"pgc_meta":"","post_mailing_queue_ids":[],"_links":{"self":[{"href":"https:\/\/www.mca.srv.br\/site\/wp-json\/wp\/v2\/pages\/1498","targetHints":{"allow":["GET"]}}],"collection":[{"href":"https:\/\/www.mca.srv.br\/site\/wp-json\/wp\/v2\/pages"}],"about":[{"href":"https:\/\/www.mca.srv.br\/site\/wp-json\/wp\/v2\/types\/page"}],"author":[{"embeddable":true,"href":"https:\/\/www.mca.srv.br\/site\/wp-json\/wp\/v2\/users\/3"}],"replies":[{"embeddable":true,"href":"https:\/\/www.mca.srv.br\/site\/wp-json\/wp\/v2\/comments?post=1498"}],"version-history":[{"count":29,"href":"https:\/\/www.mca.srv.br\/site\/wp-json\/wp\/v2\/pages\/1498\/revisions"}],"predecessor-version":[{"id":1538,"href":"https:\/\/www.mca.srv.br\/site\/wp-json\/wp\/v2\/pages\/1498\/revisions\/1538"}],"wp:attachment":[{"href":"https:\/\/www.mca.srv.br\/site\/wp-json\/wp\/v2\/media?parent=1498"}],"curies":[{"name":"wp","href":"https:\/\/api.w.org\/{rel}","templated":true}]}}